{"id":32290,"date":"2022-06-15T06:33:54","date_gmt":"2022-06-15T06:33:54","guid":{"rendered":"https:\/\/domusmeaparos.com\/oroi-kai-proypotheseis\/"},"modified":"2022-06-16T09:35:36","modified_gmt":"2022-06-16T09:35:36","slug":"termes-et-conditions","status":"publish","type":"page","link":"https:\/\/domusmeaparos.com\/fr\/termes-et-conditions\/","title":{"rendered":"Termes et Conditions"},"content":{"rendered":"<p>[vc_row][vc_column][vc_column_text][\/vc_column_text][\/vc_column][\/vc_row][vc_row][vc_column][vc_column_text]<\/p>\n<h4>Introduction<\/h4>\n<p>Les conditions d&rsquo;utilisation suivantes sont d\u00e9finies par le propri\u00e9taire du site Web et d\u00e9finissent la relation entre les visiteurs \/ utilisateurs \/ abonn\u00e9s et le site Web\u00a0<a href=\"https:\/\/domusmeaparos.com\/fr\/\" target=\"_blank\" rel=\"noopener\">domusmeaparos.com<\/a>\u00a0(\u00abpage web\u00bb). Les utilisateurs sont pri\u00e9s de lire attentivement les conditions d&rsquo;utilisation et, en cas de d\u00e9saccord avec l&rsquo;une d&rsquo;entre elles, ce \u00ab\u00a0site Web\u00a0\u00bb ne doit pas \u00eatre utilis\u00e9. Son utilisation implique l&rsquo;acceptation de ses termes. Le \u00ab\u00a0site\u00a0\u00bb se r\u00e9serve le droit de modifier les conditions d&rsquo;utilisation et les donn\u00e9es personnelles \u00e0 tout moment et sans pr\u00e9avis, il est donc demand\u00e9 de lire les conditions d&rsquo;utilisation \u00e0 chaque visite.<\/p>\n<h4>Conditions d&rsquo;utilisation<\/h4>\n<p>Le contenu du \u00ab site Web \u00bb ne peut \u00eatre copi\u00e9, reproduit, distribu\u00e9 et republi\u00e9, sous quelque forme que ce soit, sans le consentement pr\u00e9alable du propri\u00e9taire du \u00ab site Web \u00bb. Il est permis d&rsquo;imprimer ou de stocker \u00e9lectroniquement le contenu du \u00ab\u00a0site Web\u00a0\u00bb pour un usage personnel, mais son utilisation \u00e0 des fins commerciales est interdite en aucune fa\u00e7on. Les visiteurs\/utilisateurs\/abonn\u00e9s qui souhaitent s&rsquo;inscrire aux services du \u00ab\u00a0site\u00a0\u00bb doivent :<\/p>\n<ul>\n<li>D\u00e9clarer leurs coordonn\u00e9es correctes et compl\u00e8tes dans la zone correspondante du \u00ab\u00a0site Web\u00a0\u00bb et dans le formulaire d&rsquo;inscription pour l&rsquo;acc\u00e8s \u00e0 ses services d&rsquo;abonnement.<\/li>\n<li>Comprendre et reconna\u00eetre qu&rsquo;apr\u00e8s s&rsquo;\u00eatre inscrit sur le \u00ab\u00a0site Internet\u00a0\u00bb pour les services d&rsquo;abonnement, le montant correspondant du paiement de l&rsquo;abonnement, par tout moyen (carte de cr\u00e9dit, d\u00e9p\u00f4t sur un compte bancaire du \u00ab\u00a0site Internet\u00a0\u00bb ou paiement via le syst\u00e8me PayPal), il ne peut en aucun cas \u00eatre retourn\u00e9 et ne peut \u00eatre r\u00e9clam\u00e9. Les visiteurs\/utilisateurs\/abonn\u00e9s acceptent \u00e9galement la d\u00e9livrance d&rsquo;un document pour les services payants et acceptent la responsabilit\u00e9 de renseigner leurs donn\u00e9es personnelles ou les coordonn\u00e9es de l&rsquo;entreprise qu&rsquo;ils repr\u00e9sentent l\u00e9galement dans le document d\u00e9livr\u00e9 par le \u00ab site \u00bb.<\/li>\n<li>S&rsquo;assurer qu&rsquo;ils informent imm\u00e9diatement le \u00ab\u00a0site\u00a0\u00bb en cas de modification des donn\u00e9es personnelles qu&rsquo;ils ont fournies, afin qu&rsquo;elles soient toujours \u00e0 jour, exactes et compl\u00e8tes.<\/li>\n<\/ul>\n<p>&nbsp;<\/p>\n<h4>Suspension \/ Interruption des services<\/h4>\n<p>Le \u00ab\u00a0site\u00a0\u00bb se r\u00e9serve le droit exclusif, accept\u00e9 par les utilisateurs\/visiteurs\/abonn\u00e9s, de d\u00e9sactiver le \u00ab\u00a0site\u00a0\u00bb, temporairement ou d\u00e9finitivement, avec ou sans pr\u00e9avis, afin de rem\u00e9dier \u00e0 des probl\u00e8mes techniques. Le \u00ab site Internet \u00bb se r\u00e9serve \u00e9galement le droit de cesser de fournir ses services aux utilisateurs qui auraient, de ce fait, des obligations financi\u00e8res en souffrance.<\/p>\n<h4>\u00c9thique des utilisateurs\/visiteurs\/abonn\u00e9s<\/h4>\n<p>L&rsquo;utilisateur\/visiteur\/abonn\u00e9 comprend et accepte qu&rsquo;en utilisant les services du \u00ab site Internet \u00bb, il puisse \u00eatre expos\u00e9 \u00e0 des contenus offensants, ind\u00e9cents ou ill\u00e9gaux. Dans le cas o\u00f9 le \u00ab\u00a0site\u00a0\u00bb serait avis\u00e9 qu&rsquo;un contenu causerait un dommage mat\u00e9riel ou moral \u00e0 un tiers, se r\u00e9serve le droit de supprimer imm\u00e9diatement ce contenu et en m\u00eame temps de r\u00e9silier le compte de l&rsquo;utilisateur\/visiteur\/abonn\u00e9, qui enfreint les termes de celle-ci. Les utilisateurs\/visiteurs\/abonn\u00e9s s&rsquo;engagent \u00e0 ne pas utiliser les services du \u00ab site Internet \u00bb pour :<\/p>\n<ul>\n<li>La publication, la publication, la publication, la publication, la publication, la transmission ou l&rsquo;utilisation de toute autre m\u00e9thode pour publier un contenu ill\u00e9gal, nuisible, mena\u00e7ant, offensant, pr\u00e9judiciable, diffamatoire, vulgaire, violent, abusif, raciste ou autrement r\u00e9pr\u00e9hensible viole la vie priv\u00e9e d&rsquo;autrui ; , provoque des sentiments de haine, et\/ou toute autre infraction p\u00e9nale recommand\u00e9e.<\/li>\n<li>Faire du mal \u00e0 des mineurs de quelque mani\u00e8re que ce soit.<\/li>\n<li>Fausse repr\u00e9sentation de toute personne morale ou physique ou fausse d\u00e9claration sur l&rsquo;identit\u00e9 de l&rsquo;utilisateur\/visiteur\/abonn\u00e9 ou d\u00e9claration trompeuse concernant la relation et\/ou la coop\u00e9ration de l&rsquo;utilisateur\/visiteur\/abonn\u00e9 avec une autre personne morale ou physique.<\/li>\n<li>Contrefa\u00e7on ou autre alt\u00e9ration des caract\u00e9ristiques distinctives des utilisateurs\/visiteurs\/abonn\u00e9s, dans le but d&rsquo;induire en erreur quant \u00e0 l&rsquo;origine du contenu transmis par les services du \u00ab\u00a0site web\u00a0\u00bb.<\/li>\n<li>Publication, publication, publication, publication, transfert ou utilisation de toute autre m\u00e9thode de publication de contenu par une personne qui n&rsquo;est pas autoris\u00e9e \u00e0 rendre ce contenu disponible, par la loi ou dans le cadre d&rsquo;une relation confidentielle.<\/li>\n<li>Publier, publier, envoyer, publier, transf\u00e9rer ou utiliser toute autre m\u00e9thode pour installer un logiciel ou un contenu de toute nature (texte, image, audio, vid\u00e9o, animation) qui enfreint tout droit d&rsquo;auteur de toute entit\u00e9 (y compris les secrets commerciaux).<\/li>\n<li>Publier, publier, envoyer, publier, transf\u00e9rer, transf\u00e9rer ou utiliser toute autre m\u00e9thode pour installer des publicit\u00e9s autoris\u00e9es ou d&rsquo;autres contenus promotionnels de produits, envoyer des courriers ind\u00e9sirables ou des spams du destinataire des e-mails et toute autre forme de contenu promotionnel non sollicit\u00e9.<\/li>\n<li>Publier, publier, envoyer, publier, transf\u00e9rer ou utiliser toute autre m\u00e9thode pour installer et\/ou promouvoir et\/ou rendre disponible du contenu contenant des virus logiciels ou tout autre code, fichier ou programme informatique con\u00e7u pour interf\u00e9rer avec, corrompre ou restreindre le fonctionnement de tout logiciel ou \u00e9quipement informatique ou \u00e9quipement de t\u00e9l\u00e9communication.<\/li>\n<li>Violation, avec ou sans intention, de toute r\u00e8gle applicable du droit local, national, europ\u00e9en, international et \/ ou de toute r\u00e8gle ayant force de loi et concernant et \/ ou couvrant tout service du \u00ab\u00a0site Web\u00a0\u00bb.<\/li>\n<li>Violation de quelque mani\u00e8re que ce soit de la vie priv\u00e9e et des droits individuels et sociaux des autres utilisateurs\/visiteurs\/abonn\u00e9s (telle que la collecte et\/ou le stockage des donn\u00e9es personnelles des autres utilisateurs\/visiteurs\/abonn\u00e9s).<\/li>\n<\/ul>\n<p>&nbsp;<\/p>\n<p>L&rsquo;utilisateur\/visiteur\/abonn\u00e9 du \u00ab\u00a0site Internet\u00a0\u00bb comprend et accepte que le \u00ab\u00a0site Internet\u00a0\u00bb ne proc\u00e8de pas \u00e0 une v\u00e9rification pr\u00e9alable du contenu, mais que le \u00ab\u00a0site Internet\u00a0\u00bb et ses op\u00e9rateurs autoris\u00e9s se r\u00e9servent le droit (et non l&rsquo;obligation), uniquement \u00e0 sa discr\u00e9tion, refuser d&rsquo;afficher, de publier, d&rsquo;afficher, de d\u00e9placer ou de supprimer tout contenu disponible via les services du \u00ab\u00a0site Web\u00a0\u00bb. En outre, le \u00ab\u00a0site Web\u00a0\u00bb et ses op\u00e9rateurs autoris\u00e9s se r\u00e9servent le droit de supprimer tout contenu qui viole ces conditions d&rsquo;utilisation.\u00a0L&rsquo;utilisateur\/visiteur\/abonn\u00e9 comprend et accepte le caract\u00e8re international d&rsquo;Internet et s&rsquo;engage \u00e0 respecter et \u00e0 se conformer aux r\u00e8gles d\u00e9ontologiques de chaque \u00e9tat. Plus pr\u00e9cis\u00e9ment, l&rsquo;utilisateur\/visiteur\/abonn\u00e9 s&rsquo;engage \u00e0 respecter la l\u00e9gislation concernant le transfert de donn\u00e9es de la Gr\u00e8ce et de l&rsquo;Europe vers des pays tiers.<\/p>\n<h4> Limitation de responsabilit\u00e9 <\/h4>\n<p>Le \u00ab site Web \u00bb n&rsquo;a aucune responsabilit\u00e9 pour :<\/p>\n<ul>\n<li> Dysfonctionnements li\u00e9s au logiciel de l&rsquo;utilisateur ou dus \u00e0 des erreurs et \u00e0 l&rsquo;indisponibilit\u00e9 d&rsquo;Internet ou \u00e0 tout autre cas \u00e9chappant \u00e0 son contr\u00f4le et \u00e0 sa comp\u00e9tence raisonnables. <\/li>\n<li> Perte du mot de passe ou du nom d&rsquo;utilisateur du compte ou en raison d&rsquo;une panne, d&rsquo;un court-circuit, d&rsquo;une erreur ou d&rsquo;une panne de courant, qui dans tous les cas ont \u00e9t\u00e9 caus\u00e9s par ou sur le syst\u00e8me informatique de l&rsquo;utilisateur \/ visiteur \/ abonn\u00e9. <\/li>\n<li> Implications pouvant d\u00e9couler de ou en relation avec l&rsquo;utilisation ou la tentative d&rsquo;utilisation de programmes automatis\u00e9s pour obtenir un acc\u00e8s non autoris\u00e9 \u00e0 son syst\u00e8me. <\/li>\n<li> Toute perte ou dommage d\u00fb \u00e0 un virus ou \u00e0 tout autre mat\u00e9riel technologiquement nuisible pouvant affecter l&rsquo;\u00e9quipement \u00e9lectronique, les programmes informatiques, les donn\u00e9es ou tout autre mat\u00e9riel appartenant \u00e0 l&rsquo;utilisateur \/ visiteur \/ abonn\u00e9 en raison de l&rsquo;utilisation du \u00ab\u00a0site Web\u00a0\u00bb ou du t\u00e9l\u00e9chargement de son contenu ou le contenu de tout autre site Web li\u00e9 \u00e0 celui-ci. <\/li>\n<\/ul>\n<p>&nbsp;<\/p>\n<h4>Liens vers d&rsquo;autres sites Web<\/h4>\n<p>Ce \u00ab\u00a0site Web\u00a0\u00bb contient des liens vers d&rsquo;autres sites Web, qui sont disponibles pour la commodit\u00e9 de l&rsquo;utilisateur, comme la fourniture d&rsquo;informations suppl\u00e9mentaires. Ces sites Web ne font pas l&rsquo;objet d&rsquo;une promotion commerciale par le \u00ab\u00a0site Web\u00a0\u00bb et pour cette raison, ce dernier n&rsquo;assume aucune responsabilit\u00e9 quant \u00e0 l&rsquo;exactitude de leur contenu. Le \u00ab\u00a0site Web\u00a0\u00bb ne garantit pas que lui-m\u00eame ou les autres sites Web qui lui sont li\u00e9s sont exempts de virus ou d&rsquo;autres logiciels malveillants. Par cons\u00e9quent, le \u00ab site Web \u00bb n&rsquo;est pas responsable de la protection et de la confidentialit\u00e9 des informations fournies par les utilisateurs\/visiteurs\/abonn\u00e9s, lorsqu&rsquo;ils visitent ces sites Web, ces derniers n&rsquo;\u00e9tant pas d\u00e9termin\u00e9s par les conditions d&rsquo;utilisation du \u00ab site Internet \u00bb.<\/p>\n<p>Le \u00ab\u00a0site Web\u00a0\u00bb n&rsquo;assume aucune responsabilit\u00e9 quant \u00e0 l&rsquo;acc\u00e8s constant, ininterrompu et s\u00e9curis\u00e9 de l&rsquo;utilisateur \/ visiteur \/ abonn\u00e9 aux autres sites Web. Par cons\u00e9quent, en cas de probl\u00e8me lors d&rsquo;une visite sur ces sites Web, les visiteurs \/ utilisateurs doivent contacter directement les sites Web respectifs pour r\u00e9soudre le probl\u00e8me technique. Le \u00ab\u00a0site Web\u00a0\u00bb contient du mat\u00e9riel soumis par des tiers, mais n&rsquo;assume aucune responsabilit\u00e9 pour le mat\u00e9riel r\u00e9sultant d&rsquo;irr\u00e9gularit\u00e9s, d&rsquo;omissions, d&rsquo;erreurs et d&rsquo;inexactitudes du contenu, soumis par des tiers. Les informations sur ces sites Web peuvent \u00eatre mises \u00e0 jour \u00e0 tout moment et peuvent souvent ne pas \u00eatre valides. Le \u00ab site Internet \u00bb d\u00e9cline toute responsabilit\u00e9 quant \u00e0 l&rsquo;actualisation, la mise \u00e0 jour et la validation des informations contenues sur ces sites Internet. Dans le cas o\u00f9 un utilisateur\/visiteur\/abonn\u00e9 a une transaction financi\u00e8re ou commerciale avec un tiers, alors cette transaction sera conforme aux conditions d&rsquo;utilisation du tiers et non aux conditions d&rsquo;utilisation du \u00ab site Web \u00bb. Le \u00ab\u00a0site\u00a0\u00bb n&rsquo;assume aucune responsabilit\u00e9 quant au processus et au r\u00e9sultat de cette transaction finale.<\/p>\n<h4>Mat\u00e9riel soumis au \u00ab\u00a0site Web\u00a0\u00bb<\/h4>\n<p>En soumettant tout mat\u00e9riel au \u00ab\u00a0site Web\u00a0\u00bb, l&rsquo;utilisateur \/ visiteur \/ abonn\u00e9 accorde automatiquement au \u00ab\u00a0site Web\u00a0\u00bb le droit et l&rsquo;autorisation pour ce dernier de visualiser, publier, traduire, reproduire ce mat\u00e9riel ou une partie de celui-ci dans n&rsquo;importe quelle partie du monde , avec n&rsquo;importe quelle technologie . En m\u00eame temps, il ne reconna\u00eet pas que le \u00ab\u00a0site Web\u00a0\u00bb a une quelconque obligation de promouvoir ou de publier le mat\u00e9riel soumis.<\/p>\n<h4>Exclusion de responsabilit\u00e9<\/h4>\n<p>Les informations contenues dans le contenu du \u00ab\u00a0site Web\u00a0\u00bb (y compris les sites Web d&rsquo;agents immobiliers, les photos et images de biens immobiliers, les informations personnelles ou d&rsquo;autres informations d&rsquo;entreprises ou de particuliers qui font la publicit\u00e9 de sites Web et de services ou placent des annonces de location ou d&rsquo;achat de biens immobiliers ) est \u00e0 titre informatif uniquement. Le contenu du \u00ab\u00a0site Web\u00a0\u00bb n&rsquo;est pas un \u00e9l\u00e9ment de conseil et l&rsquo;utilisateur \/ visiteur \/ abonn\u00e9 ne doit pas s&rsquo;y fier pour prendre une d\u00e9cision ou entreprendre une action. Le \u00ab\u00a0site Web\u00a0\u00bb ne garantit pas l&rsquo;exactitude, la fiabilit\u00e9 ou la pertinence de l&rsquo;objectif de tout mat\u00e9riel qu&rsquo;il contient ou la fiabilit\u00e9 de l&rsquo;acc\u00e8s \u00e0 celui-ci. Dans tous les cas, le \u00ab\u00a0site Internet\u00a0\u00bb d\u00e9cline toute responsabilit\u00e9 pour les dommages ou pertes dus \u00e0 l&rsquo;utilisation ou \u00e0 l&rsquo;indisponibilit\u00e9 de l&rsquo;utilisation du \u00ab\u00a0site Internet\u00a0\u00bb. Le contenu du \u00ab site Web \u00bb provenant de tiers (courtiers, particuliers, utilisateurs), ne peut \u00eatre certifi\u00e9 par le \u00ab site Web \u00bb ni garantir son exactitude et sa validit\u00e9. En aucun cas le \u00ab\u00a0site\u00a0\u00bb n&rsquo;est responsable de l&rsquo;exactitude de la description d&rsquo;un bien ou des pertes financi\u00e8res pouvant d\u00e9couler de toute transaction sur le march\u00e9 immobilier. Les pages Web contenues dans la \u00ab\u00a0page Web\u00a0\u00bb peuvent \u00e9galement contenir des erreurs techniques ou typographiques.<\/p>\n<h4>Juridiction<\/h4>\n<p>Les conditions d&rsquo;utilisation et toute modification de celles-ci, ainsi que tout probl\u00e8me d\u00e9coulant de celles-ci ou de leur modification future, sont d\u00e9termin\u00e9s par le droit grec, le droit europ\u00e9en et les trait\u00e9s internationaux pertinents. Pour tout litige survenant concernant les services et l&rsquo;utilisation\/visite g\u00e9n\u00e9rale du \u00ab\u00a0site\u00a0\u00bb, les tribunaux d&rsquo;Ath\u00e8nes sont exclusivement comp\u00e9tents, ce qui est accept\u00e9 par les utilisateurs\/visiteurs\/abonn\u00e9s.<\/p>\n<h4>Droits d&rsquo;auteur<\/h4>\n<p>Le contenu et le droit d&rsquo;utiliser ou de perdre le contenu du \u00ab site Web \u00bb sont la propri\u00e9t\u00e9 intellectuelle du propri\u00e9taire du \u00ab site Web \u00bb. Le propri\u00e9taire du \u00ab site Web \u00bb contr\u00f4le le contenu et le fonctionnement du \u00ab site Web \u00bb depuis son si\u00e8ge \u00e0 Ath\u00e8nes (Gr\u00e8ce).<\/p>\n<h4>Contracter<\/h4>\n<p>Les pr\u00e9sentes conditions d&rsquo;utilisation constituent l&rsquo;accord\/contrat global entre le \u00ab site Internet \u00bb et chaque utilisateur\/visiteur\/abonn\u00e9 (courtiers, particuliers, etc.).<\/p>\n<h4> Communication <\/h4>\n<p>Si vous avez des questions ou des pr\u00e9occupations concernant ce qui pr\u00e9c\u00e8de, veuillez nous contacter \u00e0 notre adresse e-mail : \u00a0<a href=\"mailto:info@domusmeaparos.com\">info@domusmeaparos.com<\/a>.[\/vc_column_text][\/vc_column][\/vc_row]<\/p>\n","protected":false},"excerpt":{"rendered":"<p>[vc_row][vc_column][vc_column_text][\/vc_column_text][\/vc_column][\/vc_row][vc_row][vc_column][vc_column_text] Introduction Les conditions d&rsquo;utilisation suivantes sont d\u00e9finies par le propri\u00e9taire du site Web et d\u00e9finissent la relation entre les visiteurs \/ utilisateurs \/ abonn\u00e9s et le site Web\u00a0domusmeaparos.com\u00a0(\u00abpage web\u00bb). Les utilisateurs sont pri\u00e9s de lire attentivement les conditions d&rsquo;utilisation et, en cas de d\u00e9saccord avec l&rsquo;une d&rsquo;entre elles, ce \u00ab\u00a0site Web\u00a0\u00bb ne doit pas \u00eatre utilis\u00e9. Son utilisation implique l&rsquo;acceptation de ses termes. &#8230;<\/p>\n","protected":false},"author":1,"featured_media":0,"parent":0,"menu_order":0,"comment_status":"closed","ping_status":"closed","template":"","meta":{"_mi_skip_tracking":false},"aioseo_notices":[],"_links":{"self":[{"href":"https:\/\/domusmeaparos.com\/fr\/wp-json\/wp\/v2\/pages\/32290"}],"collection":[{"href":"https:\/\/domusmeaparos.com\/fr\/wp-json\/wp\/v2\/pages"}],"about":[{"href":"https:\/\/domusmeaparos.com\/fr\/wp-json\/wp\/v2\/types\/page"}],"author":[{"embeddable":true,"href":"https:\/\/domusmeaparos.com\/fr\/wp-json\/wp\/v2\/users\/1"}],"replies":[{"embeddable":true,"href":"https:\/\/domusmeaparos.com\/fr\/wp-json\/wp\/v2\/comments?post=32290"}],"version-history":[{"count":3,"href":"https:\/\/domusmeaparos.com\/fr\/wp-json\/wp\/v2\/pages\/32290\/revisions"}],"predecessor-version":[{"id":32346,"href":"https:\/\/domusmeaparos.com\/fr\/wp-json\/wp\/v2\/pages\/32290\/revisions\/32346"}],"wp:attachment":[{"href":"https:\/\/domusmeaparos.com\/fr\/wp-json\/wp\/v2\/media?parent=32290"}],"curies":[{"name":"wp","href":"https:\/\/api.w.org\/{rel}","templated":true}]}}