{"id":32279,"date":"2022-06-15T07:45:39","date_gmt":"2022-06-15T07:45:39","guid":{"rendered":"https:\/\/domusmeaparos.com\/politica-sulla-riservatezza\/"},"modified":"2022-06-16T10:07:02","modified_gmt":"2022-06-16T10:07:02","slug":"politica-sulla-riservatezza","status":"publish","type":"page","link":"https:\/\/domusmeaparos.com\/it\/politica-sulla-riservatezza\/","title":{"rendered":"Politica Sulla Riservatezza"},"content":{"rendered":"<p>[vc_row][vc_column][vc_column_text][\/vc_column_text][\/vc_column][\/vc_row][vc_row][vc_column][vc_column_text]<\/p>\n<h3>Politica Sulla Riservatezza<\/h3>\n<p>Il webmaster, https: \/\/www.domusmeaparos (di seguito <strong>Domusmeaparos.com<\/strong> ), ritiene che la tutela della privacy dei propri visitatori e utenti registrati sia un diritto fondamentale e non negoziabile, che dovrebbe essere assicurato nell&#8217;ambito dell&#8217;esercizio della sua attivit\u00e0.<\/p>\n<p><strong>Domusmeaparos.com<\/strong> conduce diligentemente la ricerca per la migliore protezione dei dati personali nel trattamento delle informazioni dell&#8217;utente, derivate dalla visita o dall&#8217;utilizzo dei servizi del sito Web, della sua applicazione e dei suoi servizi con lo sviluppo e l&#8217;applicazione di misure tecnologiche per prevenire l&#8217;indesiderato diffusione dei dati personali da parte degli utenti, per garantire che i dati personali siano trattati nel rispetto dei diritti, delle libert\u00e0 fondamentali e della dignit\u00e0 degli interessati, con particolare riferimento alla riservatezza e alla carta di identit\u00e0.<\/p>\n<p>L&#8217;utente \u00e8 pregato di leggere i termini della privacy policy del nostro sito web, per essere informato sulle informazioni da lui raccolte, quando visita il sito web di <strong>Domusmeaparos.com<\/strong> e quando utilizza i suoi servizi internet, come possono essere utilizzati e di rivelare come queste informazioni sono protette e quali sono i suoi diritti. Visitando il sito web e utilizzando i servizi online di <strong>Domusmeaparos.com<\/strong> , l&#8217;utente presta il proprio consenso alla raccolta e al trattamento dei propri dati personali, come descritto in dettaglio in questo capitolo della Privacy Policy.<\/p>\n<h4>Raccolta dati di navigazione<\/h4>\n<p>I sistemi informatici, i processi e le tecniche informatiche che regolano il funzionamento del nostro sito Web e della nostra applicazione durante il loro funzionamento, estraggono alcuni dati personali, e questo &#8220;pumping&#8221; \u00e8 eseguito automaticamente dai meccanismi e protocolli di accesso e funzionamento utilizzati su Internet.<\/p>\n<p>In particolare, ogni volta che un utente si collega al sito <strong>Domusmeaparos.com<\/strong> e alla sua applicazione, ogni volta che chiama o richiede contenuti, nonch\u00e9 ogni volta che interviene, i dati di accesso vengono memorizzati nei sistemi del nostro sito web con il formato di file di tabella o dati lineari.<\/p>\n<p>In questa categoria rientrano dati quali gli indirizzi IP, i nomi a dominio dei computer utilizzati dagli utenti, i link al nostro sito web e alla nostra applicazione, il browser in notazione URI (Uniform Resource Identifier), l&#8217;applicazione server data e ora, il metodo utilizzato per sottoporre la domanda al server , la quantit\u00e0 di dati trasmessi, il codice numerico, indicante lo stato di risposta del server e altri parametri relativi al sistema operativo e all&#8217;ambiente informatico dell&#8217;utente.<\/p>\n<p>Questi dati potrebbero essere utilizzati da <strong>Domusmeaparos.com<\/strong> , al solo fine di ricavare informazioni statistiche anonime sull&#8217;uso del sito e dell&#8217;applicazione per localizzare le pagine in cui l&#8217;utente ha una preferenza e quindi fornire contenuti idonei a controllarlo. funzionamento.<\/p>\n<p>Inoltre, i dati sopra indicati possono essere utilizzati per l&#8217;accertamento di responsabilit\u00e0 in caso di comportamenti illeciti e di reati informatici ai danni del sito e della sua applicazione o dei propri utenti, su richiesta dell&#8217;autorit\u00e0 di controllo competente.<\/p>\n<h3>Categorie di utenti<\/h3>\n<p>In relazione all&#8217;utilizzo del sito web e della sua applicazione, gli utenti si dividono in due categorie: utenti privati \u200b\u200be professionisti del mercato immobiliare, come agenti immobiliari, imprese di costruzione, imprese di trasporto, imprese di ristrutturazione e altri professionisti e societ\u00e0 del settore di riferimento.<\/p>\n<p>I singoli utenti possono accedere per lo pi\u00f9 ad alcuni servizi in forma anonima (es. ricerca immobili), mentre per altri servizi, come &#8211; a titolo indicativo e non restrittivo &#8211; la pubblicazione di un annuncio, la ricezione di aggiornamenti automatici o il salvataggio di ricerche preferite, o annunci, \u00e8 necessario registrarsi prima dell&#8217;utilizzo. Gli utenti business hanno sempre accesso ai servizi a loro destinati dopo la registrazione.<\/p>\n<h3>Categorie di dati<\/h3>\n<p>Le categorie di dati che possiamo trattare sono:<\/p>\n<ul>\n<li>Dati di utilizzo, ovvero i dati che abbiamo raccolto dai visitatori e dagli utenti del sito web, inclusi l&#8217;indirizzo IP, il proxy, il browser che utilizza, la sua versione, il suo sistema operativo, la sua origine, la durata della sua visita, le pagine che ha visitato , nonch\u00e9 informazioni sull&#8217;ora, la frequenza e le modalit\u00e0 di utilizzo dei nostri servizi.<\/li>\n<li>Dati dell&#8217;account, ovvero nome, cognome, telefono ed e-mail che ci sono stati comunicati dall&#8217;utente.<\/li>\n<li>Dati del profilo, ovvero i dettagli di accesso che l&#8217;utente ha selezionato in modo da poter essere identificato e poter accedere al proprio account.<\/li>\n<li>Dati di servizio, ovvero dati derivanti dall&#8217;utilizzo del sito web e dei suoi servizi.<\/li>\n<li>Dati Pubblici, ovvero i dati che sono stati pubblicati utilizzando il sito web o utilizzando i servizi del sito web.<\/li>\n<li>Dati di supporto, ovvero i dati che un utente ci ha inviato per supportare una richiesta o una richiesta in relazione al sito e ai servizi del sito.<\/li>\n<li>Dati di notifica, ossia dati forniti dall&#8217;utente, per essere informato su novit\u00e0, newsletter, e relative informazioni che potrebbero interessarlo.<\/li>\n<\/ul>\n<p>&nbsp;<\/p>\n<h3><span>Finalit\u00e0 del Trattamento<\/span><\/h3>\n<p><span>I dati raccolti attraverso il nostro sito Web e la sua applicazione sono trattati in modo del tutto legale e appropriato e sempre nel rispetto dei principi di proporzionalit\u00e0, liceit\u00e0 e nel quadro stabilito dalle pertinenti disposizioni del Regolamento generale UE sulla protezione dei dati 679\/2016 (di seguito : il &#8220;Regolamento&#8221;) e verranno utilizzati rigorosamente e solo per ottenere la migliore erogazione possibile dei nostri servizi.<\/span><\/p>\n<p><span>Oltre alla raccolta automatica dei dati di navigazione, di cui al paragrafo precedente, l&#8217;utente ha il diritto di fornire volontariamente dati personali, che saranno raccolti da\u00a0<\/span><strong><span>Domusmeaparos.com<\/span><\/strong><span>\u00a0esclusivamente attraverso la compilazione di un apposito campo di inserimento (di seguito &#8220;Modulo di contatto&#8221;) , che \u00e8 consigliato agli utenti di inserire i propri dati, nel sito e nella sua applicazione.\u00a0I moduli di contatto sono di diverso tipo, a seconda del tipo di servizio che l&#8217;utente intende utilizzare.<\/span><\/p>\n<p><span>Per gli utenti business\u00a0<\/span><strong><span>Domusmeaparos.com<\/span><\/strong><span>\u00a0raccoglie i propri dati personali all&#8217;interno del proprio sito web e della propria applicazione tramite form di registrazione, sistema gestionale per professionisti, contatto diretto e predisposizione del contratto.<\/span><\/p>\n<p><span>In diverse applicazioni e servizi del nostro sito Web l&#8217;utente ha la possibilit\u00e0 di trasmettere informazioni personali (ad esempio indirizzo e-mail, nome, numero di telefono, codice postale e altre informazioni personali).\u00a0<span class=\"\">Tali dati sono inviati volontariamente ed esplicitamente e comprendono gli eventuali dati necessari alle finalit\u00e0 dello specifico servizio richiesto.<\/span><\/span><\/p>\n<p><span>I dati personali forniti dall&#8217;utente saranno registrati e conservati su supporti elettronici protetti, e saranno trattati con le pi\u00f9 idonee misure di sicurezza.<\/span><\/p>\n<p><span>In particolare, durante il servizio di comunicazione con agenzie immobiliari, imprese di costruzione e altre societ\u00e0, come sopra indicato, con utenti privati \u200b\u200bo altri enti che pubblicano annunci immobiliari (di seguito &#8220;Gli Inserzionisti&#8221;), durante il servizio di pubblicazione immobiliare (di seguito &#8221; Pubblicit\u00e0 Immobiliare&#8221;), il servizio di promozione della ricerca degli utenti per le agenzie immobiliari, nonch\u00e9 il servizio di assegnazione di immobili ad altre societ\u00e0 e professionisti rilevanti nel campo della ricerca (di seguito: &#8220;ricerche promozionali&#8221;), le informazioni di carattere personale i dati raccolti al fine di soddisfare le esigenze durante i servizi di cui sopra saranno necessariamente comunicati agli inserzionisti, sul loro sito web e sulla loro applicazione e potranno seguire ogni successivo trattamento di tali informazioni e dati personali.<\/span><\/p>\n<p><span>L&#8217;invio di posta elettronica agli indirizzi eventualmente presenti nel sito e la sua attuazione comporta l&#8217;acquisizione da parte del mittente dei dati personali del titolare dell&#8217;indirizzo e-mail.\u00a0Questo indirizzo email, insieme agli altri dati personali raccolti, \u00e8 necessario per rispondere alle richieste inviate e per fornire gli specifici servizi richiesti.<\/span><\/p>\n<p><span>I dati verranno trattati, in forma elettronica o cartacea, prevalentemente mediante l&#8217;utilizzo di processi automatizzati e non, mentre tale trattamento dovr\u00e0 essere svolto direttamente, o dal titolare stesso del trattamento (\u00a0<\/span><strong><span>Domusmeaparos.com<\/span><\/strong><span>\u00a0), oppure da partner esterno che esegue il del trattamento per conto dell&#8217;incaricato, o di un terzo all&#8217;incaricato, secondo quanto previsto dall&#8217;articolo 4 del Regolamento di procedura.<\/span><\/p>\n<p><span>Idonee misure di sicurezza sono osservate per prevenire usi non convenzionali o illegali dei dati, accessi non autorizzati e la perdita dei dati.\u00a0Nessun dato viene raccolto dal sito web e dalla sua applicazione, senza il necessario consenso, nei casi che non servono alla fornitura di alcun servizio.<\/span><\/p>\n<h3><span>Necessit\u00e0 di consenso esplicito<\/span><\/h3>\n<p><span><span class=\"\">Quando si utilizzano alcuni dei servizi del nostro sito Web, come comunicazione, pubblicit\u00e0, promozione della ricerca, i dati personali raccolti (ad es. nome, informazioni di contatto e qualsiasi altra informazione pubblicata nell&#8217;annuncio dal professionista o dall&#8217;individuo, che pubblica) possono essere divulgati a terzi, quali i partner con cui collaborano l&#8217;agenzia immobiliare, l&#8217;impresa edile e altre societ\u00e0 immobiliari, responsabili del trattamento dei dati personali dell&#8217;utente cos\u00ec raccolti.<\/span><\/span><\/p>\n<p><span>Il suddetto verr\u00e0 a conoscenza dei dati dell&#8217;utente, al fine di rispondere alle sue richieste di informazioni sull&#8217;immobile o sugli immobili da quest&#8217;ultimo selezionati.<\/span><\/p>\n<p><span>In conformit\u00e0 a quanto previsto dal Regolamento interno, ma anche in conformit\u00e0 ad altre disposizioni delle leggi nazionali, in quanto ogni volta che si applicano al trattamento dei dati personali, all&#8217;utente sar\u00e0 espressamente richiesto di prestare il proprio specifico ed esplicito consenso al trattamento e comunicazione di tali dati, selezionando l&#8217;apposita casella contrassegnata con &#8220;Accetto&#8221;.<\/span><\/p>\n<h3><span>Natura del conferimento dei dati<\/span><\/h3>\n<p><span>Il conferimento dei dati \u00e8 facoltativo, ma in caso di rifiuto a fornire i dati personali necessari all&#8217;elaborazione del servizio richiesto, non sar\u00e0 possibile trattarli.\u00a0Nel caso in cui non siano necessari, il titolare potr\u00e0 evadere le richieste ed eseguire i servizi richiesti di cui al paragrafo precedente.<\/span><\/p>\n<h3><span>Metodi di elaborazione<\/span><\/h3>\n<p><span>Il titolare del trattamento tratter\u00e0 i dati in conformit\u00e0 alle disposizioni del Regolamento Generale sulla Protezione dei Dati della UE 679\/2016 e di ogni normativa nazionale vigente, assicurando il pieno rispetto di tali disposizioni di legge, ma anche di ogni materia connessa (protezione dei dati personali ) le disposizioni contrattuali volevano essere concordate tra le parti, ovvero l&#8217;utente e il responsabile del trattamento attraverso il nostro sito web.\u00a0La registrazione ed il trattamento dei dati avverr\u00e0 in forma documentale e telematica, nell&#8217;ambito del principio di proporzionalit\u00e0 e sempre improntato alle finalit\u00e0 sopra indicate e, comunque, nell&#8217;ottica della sicurezza e riservatezza dei dati personali.\u00a0Il titolare del trattamento tratter\u00e0 i dati personali,<\/span><strong><span>Domusmeaparos.com<\/span><\/strong><span>\u00a0).<\/span><\/p>\n<p><span>In ottemperanza all&#8217;attuale regime giuridico ed in particolare secondo quanto previsto dal Regolamento interno, viene attivato un sistema di verifica contro lo spam nelle comunicazioni rispondendo agli annunci messi a disposizione degli utenti.\u00a0I dati registrati possono essere verificati, al solo fine di rilevare attivit\u00e0 illecite o contenuti non conformi alle Condizioni Generali d&#8217;Uso del nostro sito web, ma in nessun caso saranno trattati o comunicati a terzi per fini commerciali o pubblicitari.<\/span><\/p>\n<h3><span>La sicurezza dei dati<\/span><\/h3>\n<p><span>I dati raccolti ed elaborati dovrebbero essere protetti con metodi fisici e logici per ridurre al minimo il rischio di accesso, diffusione, perdita e distruzione non autorizzati dei dati in conformit\u00e0 con le disposizioni applicabili.<\/span><\/p>\n<p><span><strong>Domusmeaparos.com<\/strong>\u00a0<\/span><span>adotta<\/span><span>\u00a0tutte le misure tecniche e organizzative necessarie per proteggere e proteggere i dati personali dell&#8217;utente da accidentale o non distruzione, perdita, modifica, divulgazione o accesso non autorizzati e da qualsiasi altro trattamento illecito dei dati personali che gestisce.\u00a0Tuttavia, nonostante l&#8217;in buona fede e ogni possibile sforzo profuso dal nostro sito Web per la conservazione dei dati personali degli utenti in un ambiente operativo sicuro, non aperto al pubblico, si rileva che non esiste una sicurezza completa o perfetta e\u00a0<\/span><strong><span>Domusmeaparos.com <\/span><\/strong><span>non pu\u00f2 garantire che non ci sar\u00e0 alcuna divulgazione involontaria dei dati personali dell&#8217;utente.\u00a0Quest&#8217;ultimo deve informare immediatamente il nostro sito Web in caso di smarrimento, furto o utilizzo dei suoi dati di contatto senza il suo permesso.\u00a0In tal caso, rimuoveremo i dettagli di contatto dell&#8217;utente dal suo account e aggiorneremo i nostri file di conseguenza.<\/span><\/p>\n<p><span><b>Domusmeaparos.com<\/b>\u00a0_<\/span><b><\/b><span>si riserva il diritto di intraprendere &#8211; a titolo indicativo e non restrittivo &#8211; azioni quali: a) registrazione e memorizzazione di qualsiasi comunicazione del visitatore-utente con il sito web, comprese comunicazioni e-mail e domande &#8211; risposte ai propri dipendenti, clienti (es. privati, broker, aziende di trasporto, ecc.) o altre persone; , c) ritiro di foto e dati e informazioni generalmente inviati dall&#8217;utente, che siano considerati offensivi, illegali o fastidiosi o che non rispettino i termini e le condizioni di utilizzo del nostro sito web d ) cancellazione degli iscritti,quando non rispettano i termini e le condizioni di utilizzo del nostro sito Web dopo il relativo avviso.<\/span><\/p>\n<h3><span>Campo di comunicazione e diffusione dei dati<\/span><\/h3>\n<p><span>I dati forniti dall&#8217;utente saranno comunicati ed utilizzati esclusivamente dal titolare del trattamento (\u00a0<\/span><strong><span>Domusmeaparos.com<\/span><\/strong><span>) e le societ\u00e0 designate come responsabili del trattamento, ossia i responsabili o i terzi autorizzati dal titolare al trattamento dei dati personali ai sensi dell&#8217;articolo 4 del Regolamento interno.\u00a0Come accennato in precedenza, per alcuni servizi, i dati sono comunicati a societ\u00e0 che collaborano o utilizzano i servizi del titolare (es. intermediari che sono a conoscenza di tutti i dati personali dei richiedenti per informazioni immobiliari, banche o intermediari del credito per la fornitura di mutui o altri prestiti e altri servizi finanziari connessi alla vendita di immobili), al solo fine di fornire i servizi richiesti dall&#8217;utente.<\/span><\/p>\n<p><span>In questi casi le societ\u00e0 agiscono in modo autonomo e\u00a0<\/span><strong><span>Domusmeaparos.com<\/span><\/strong><span>\u00a0non \u00e8 responsabile del trattamento dei dati da parte loro.\u00a0<\/span><strong><span>Domusmeaparos.com<\/span><\/strong><span>\u00a0non \u00e8 inoltre\u00a0responsabile del contenuto e del rispetto della Privacy Policy dei siti web che non gestisce.<\/span><\/p>\n<h3><span>Trasferimento dati all&#8217;estero<\/span><\/h3>\n<p><span>I dati personali raccolti attraverso il nostro sito Web e la nostra applicazione possono essere trasferiti al di fuori del territorio greco esclusivamente per l&#8217;esecuzione dei servizi richiesti tramite il nostro sito Web e in conformit\u00e0 con i termini della presente informativa sulla privacy e le disposizioni speciali del Regolamento.<\/span><\/p>\n<p><span>Inoltre,\u00a0<\/span><strong><span>Domusmeaparos.com<\/span><\/strong><span>\u00a0in nessun caso vende i dati personali dell&#8217;utente, mentre la loro comunicazione a terzi, nell&#8217;ambito dei suddetti servizi, avviene esclusivamente per l&#8217;adempimento delle finalit\u00e0 previste dalla presente informativa e dalla prestazione dei suoi servizi on line.<\/span><\/p>\n<h3><span>Informazioni su cookie, motori di ricerca e dati sulla posizione<\/span><\/h3>\n<p><span>I cookie sono progettati per velocizzare l&#8217;analisi del traffico Internet, per facilitare l&#8217;accesso degli utenti ai servizi offerti dal Sito e dalla sua applicazione e per fornire pubblicit\u00e0 utile e pertinente ai visitatori.\u00a0Utilizzando i cookie non vengono trasmessi n\u00e9 acquisiti dati personali e non vengono utilizzati sistemi di tracciamento degli utenti.\u00a0Se l&#8217;utente non desidera che le sue informazioni vengano raccolte attraverso questo meccanismo (uso dei cookie), l&#8217;utente pu\u00f2 applicare una semplice procedura nel browser, che consente il rifiuto dei cookie.<\/span><\/p>\n<p><span>Le informazioni sulle proposte immobiliari contenute nel sito e nell&#8217;applicazione saranno visibili nelle ricerche effettuate nel motore di ricerca interno e saranno messe a disposizione dei motori di ricerca di terze parti, in quanto il sito e l&#8217;applicazione consentono l&#8217;indicizzazione dei suoi contenuti da parte di terzi .<\/span><\/p>\n<p><span>Se la pagina dell&#8217;annuncio \u00e8 gi\u00e0 stata rimossa dal sito e dall&#8217;applicazione, \u00e8 probabile che la copia salvata rimanga nei risultati di ricerca per alcuni giorni.\u00a0I risultati della ricerca non sono gestiti dal sito e dall&#8217;applicazione, ma l&#8217;utente pu\u00f2 segnalare la rimozione della pagina e richiedere l&#8217;aggiornamento della copia salvata direttamente al motore di ricerca.<\/span><\/p>\n<p><span>Quando utilizzi il sito e l&#8217;applicazione con la funzione di rilevamento della posizione attiva, il sito e l&#8217;applicazione possono raccogliere ed elaborare informazioni sulla posizione corrente dell&#8217;utente.\u00a0Questi dati sono trattati in forma anonima, in un formato che non consente l&#8217;identificazione personale dell&#8217;utente e sono utilizzati al solo fine di facilitare l&#8217;utilizzo di alcune funzionalit\u00e0 del sito e dell&#8217;applicazione in base alla posizione.\u00a0I servizi di localizzazione possono essere attivati \u200b\u200bo disattivati \u200b\u200bdall&#8217;utente in qualsiasi momento accedendo alle impostazioni del dispositivo.<\/span><\/p>\n<h3><span>Durata del trattamento<\/span><\/h3>\n<p><span>Il trattamento dei dati non richieder\u00e0 pi\u00f9 tempo del necessario per adempiere allo scopo della raccolta, ovvero la memorizzazione dei criteri di ricerca, la notifica, la pubblicazione di annunci e il contatto con professionisti che soddisfano i criteri dell&#8217;utente.<\/span><\/p>\n<p><span>Il trattamento durer\u00e0 fino a quando l&#8217;interessato non decider\u00e0 di cancellare i dati inseriti, rivolgendosi al titolare del trattamento.<\/span><\/p>\n<p><span>Sar\u00e0 inoltre possibile che la conservazione dei dati personali duri per tutto il tempo necessario per adempiere a un nostro obbligo legale o per difendere i nostri interessi legali in sede giudiziaria.<\/span><\/p>\n<h3><span>Diritti dell&#8217;utente<\/span><\/h3>\n<p><span>La normativa sulla protezione dei dati prevede all&#8217;interessato l&#8217;esercizio di specifici diritti.\u00a0In particolare, l&#8217;utente ha diritto di ottenere la conferma dell&#8217;esistenza o meno di dati personali, anche se non ancora registrati e che tali dati siano disponibili in forma comprensibile.<\/span><\/p>\n<p><span>Pu\u00f2 inoltre chiedere di conoscere l&#8217;origine dei dati, l&#8217;identit\u00e0 e gli estremi di contatto del titolare, del responsabile del trattamento e di terzi per conto del titolare, delle finalit\u00e0 del trattamento cui sono destinati i suoi dati personali, dei destinatari o delle categorie di destinatari dei suoi dati e il tempo di conservazione dei dati e le altre questioni di cui all&#8217;articolo 13 del Regolamento.<\/span><\/p>\n<p><span><span class=\"\">Pu\u00f2 inoltre chiedere la cancellazione dei propri dati, la rettifica, la limitazione del trattamento, l&#8217;aggiornamento dei dati, la ricezione di tali dati in un tipo di dati strutturato, di uso comune e leggibile da dispositivo automatico, o l&#8217;esclusione dei dati trattati in violazione di legge, di opporsi al trattamento e ai processi decisionali automatizzati.<\/span><\/span><\/p>\n<h3><span>A proposito di domande<\/span><\/h3>\n<p><span><span class=\"goog-text-highlight\">In caso di domande in merito a questa politica o in generale alle attivit\u00e0 di\u00a0<\/span><\/span><strong><span><span class=\"goog-text-highlight\">Domusmeaparos.com<\/span><\/span><\/strong><span><span class=\"goog-text-highlight\">\u00a0, puoi contattarci all&#8217;indirizzo\u00a0<\/span><\/span><a href=\"mailto:info@domusmeaparos.com\"><span><span class=\"goog-text-highlight\">info@domusmeaparos.com<\/span><\/span><\/a><span style=\"font-size: 16px;\">[\/vc_column_text][\/vc_column][\/vc_row]<\/span><\/p>\n","protected":false},"excerpt":{"rendered":"<p>[vc_row][vc_column][vc_column_text][\/vc_column_text][\/vc_column][\/vc_row][vc_row][vc_column][vc_column_text] Politica Sulla Riservatezza Il webmaster, https: \/\/www.domusmeaparos (di seguito Domusmeaparos.com ), ritiene che la tutela della privacy dei propri visitatori e utenti registrati sia un diritto fondamentale e non negoziabile, che dovrebbe essere assicurato nell&#8217;ambito dell&#8217;esercizio della sua attivit\u00e0. Domusmeaparos.com conduce diligentemente la ricerca per la migliore protezione dei dati personali nel trattamento delle informazioni dell&#8217;utente, derivate dalla visita o dall&#8217;utilizzo dei servizi &#8230;<\/p>\n","protected":false},"author":1,"featured_media":0,"parent":0,"menu_order":0,"comment_status":"closed","ping_status":"closed","template":"","meta":{"_mi_skip_tracking":false},"aioseo_notices":[],"_links":{"self":[{"href":"https:\/\/domusmeaparos.com\/it\/wp-json\/wp\/v2\/pages\/32279"}],"collection":[{"href":"https:\/\/domusmeaparos.com\/it\/wp-json\/wp\/v2\/pages"}],"about":[{"href":"https:\/\/domusmeaparos.com\/it\/wp-json\/wp\/v2\/types\/page"}],"author":[{"embeddable":true,"href":"https:\/\/domusmeaparos.com\/it\/wp-json\/wp\/v2\/users\/1"}],"replies":[{"embeddable":true,"href":"https:\/\/domusmeaparos.com\/it\/wp-json\/wp\/v2\/comments?post=32279"}],"version-history":[{"count":5,"href":"https:\/\/domusmeaparos.com\/it\/wp-json\/wp\/v2\/pages\/32279\/revisions"}],"predecessor-version":[{"id":32350,"href":"https:\/\/domusmeaparos.com\/it\/wp-json\/wp\/v2\/pages\/32279\/revisions\/32350"}],"wp:attachment":[{"href":"https:\/\/domusmeaparos.com\/it\/wp-json\/wp\/v2\/media?parent=32279"}],"curies":[{"name":"wp","href":"https:\/\/api.w.org\/{rel}","templated":true}]}}