{"id":32291,"date":"2022-06-15T06:33:54","date_gmt":"2022-06-15T06:33:54","guid":{"rendered":"https:\/\/domusmeaparos.com\/oroi-kai-proypotheseis\/"},"modified":"2022-06-16T10:08:42","modified_gmt":"2022-06-16T10:08:42","slug":"termini-e-condizioni","status":"publish","type":"page","link":"https:\/\/domusmeaparos.com\/it\/termini-e-condizioni\/","title":{"rendered":"Termini e Condizioni"},"content":{"rendered":"<p>[vc_row][vc_column][vc_column_text][\/vc_column_text][\/vc_column][\/vc_row][vc_row][vc_column][vc_column_text]<\/p>\n<h4><span>Introduzione<\/span><\/h4>\n<p><span>I seguenti termini di utilizzo sono stabiliti dal titolare del sito web e definiscono il rapporto tra i visitatori\/utenti\/abbonati e il sito\u00a0\u00a0<\/span><a href=\"https:\/\/domusmeaparos.com\/it\/\" target=\"_blank\" rel=\"noopener\"><span>domusmeaparos.com<\/span><\/a><span>\u00a0\u00a0(&#8220;sito web&#8221;).\u00a0Gli utenti sono pregati di leggere attentamente i termini di utilizzo e, in caso di disaccordo con qualcuno di essi, questo &#8220;sito web&#8221; non deve essere utilizzato.\u00a0Il suo utilizzo implica l&#8217;accettazione dei suoi termini.\u00a0Il &#8220;sito web&#8221; si riserva il diritto di modificare le condizioni di utilizzo ei dati personali in qualsiasi momento e senza preavviso, pertanto si richiede di leggere le condizioni di utilizzo ad ogni visita.<\/span><\/p>\n<h4><span>Termini di utilizzo<\/span><\/h4>\n<p><span>Il contenuto del &#8220;sito web&#8221; non pu\u00f2 essere copiato, riprodotto, distribuito e ripubblicato, in qualsiasi forma, senza il preventivo consenso del titolare del &#8220;sito web&#8221;.\u00a0\u00c8 consentito stampare o archiviare elettronicamente il contenuto del &#8220;sito web&#8221; per uso personale, ma \u00e8 vietato in qualsiasi modo il suo utilizzo per scopi commerciali.\u00a0I visitatori\/utenti\/abbonati che intendono registrarsi ai servizi del \u201csito web\u201d devono:<\/span><\/p>\n<ul>\n<li><span>Di dichiarare i propri dati corretti e completi nell&#8217;apposita area del &#8220;sito web&#8221; e nel modulo di registrazione per l&#8217;accesso ai propri servizi di abbonamento.<\/span><\/li>\n<li><span>Comprendere e riconoscere che, dopo la registrazione al &#8220;sito&#8221; per i servizi di abbonamento, l&#8217;importo corrispondente al pagamento dell&#8217;abbonamento, con qualsiasi mezzo (carta di credito, deposito su un conto bancario del &#8220;sito&#8221; o pagamento tramite il sistema PayPal), non \u00e8 consentito in nessun caso essere restituito e non pu\u00f2 essere rivendicato.\u00a0I visitatori\/utenti\/abbonati accettano altres\u00ec il rilascio di un documento per i servizi a pagamento e si assumono la responsabilit\u00e0 di inserire i propri dati personali o quelli della societ\u00e0 che legalmente rappresentano nel documento rilasciato dal \u201csito\u201d.<\/span><\/li>\n<li><span>Per assicurarsi che informino immediatamente il &#8220;sito&#8221;, in caso di modifica dei dati personali da loro forniti, in modo che siano sempre aggiornati, esatti e completi.<\/span><\/li>\n<\/ul>\n<p>&nbsp;<\/p>\n<h4><span>Sospensione\/Interruzione dei servizi<\/span><\/h4>\n<p><span>Il \u201csito web\u201d si riserva il diritto esclusivo, accettato dagli utenti\/visitatori\/abbonati, di disabilitare il \u201csito web\u201d, temporaneamente o permanentemente, con o senza preavviso, al fine di correggere problemi tecnici.\u00a0Il \u201csito web\u201d si riserva altres\u00ec il diritto di cessare di fornire i propri servizi agli utenti che abbiano, a causa sua, obblighi finanziari scaduti.<\/span><\/p>\n<h4><span>Etica degli utenti\/visitatori\/abbonati<\/span><\/h4>\n<p><span>L&#8217;utente\/visitatore\/abbonato comprende ed accetta che, utilizzando i servizi del \u201csito web\u201d, potrebbe essere esposto a contenuti offensivi, indecenti o illegali.\u00a0Nel caso in cui il &#8220;sito web&#8221; riceva avviso che qualsiasi contenuto arreca danno materiale o morale a terzi, si riserva il diritto di eliminare immediatamente tale contenuto e contestualmente chiudere l&#8217;account dell&#8217;utente\/visitatore\/abbonato, che viola i termini di questo.\u00a0Gli utenti\/visitatori\/abbonati si impegnano a non utilizzare i servizi del \u201csito web\u201d per:<\/span><\/p>\n<ul>\n<li><span>Pubblicare, pubblicare, pubblicare, pubblicare, pubblicare, trasmettere o utilizzare qualsiasi altro metodo per pubblicare contenuti illegali, dannosi, minacciosi, offensivi, dannosi, diffamatori, volgari, violenti, offensivi, razzisti o comunque riprovevoli viola la privacy degli altri; , provoca sentimenti di odio e\/o qualsiasi altro reato penale raccomandato.<\/span><\/li>\n<li><span>Danneggiare in alcun modo i minori.<\/span><\/li>\n<li><span>Falsa rappresentazione di qualsiasi persona giuridica o fisica o falsa dichiarazione circa l&#8217;identit\u00e0 dell&#8217;utente\/visitatore\/abbonato o dichiarazione ingannevole in merito al rapporto e\/o collaborazione dell&#8217;utente\/visitatore\/abbonato con un&#8217;altra persona giuridica o fisica.<\/span><\/li>\n<li><span>Falsificazione o altra alterazione dei tratti distintivi degli utenti\/visitatori\/abbonati, al fine di indurre in errore l&#8217;origine dei contenuti trasmessi attraverso i servizi del \u201csito web\u201d.<\/span><\/li>\n<li><span>Pubblicazione, pubblicazione, pubblicazione, pubblicazione, trasferimento o utilizzo di qualsiasi altro metodo per installare contenuto da parte di una persona che non ha il diritto di rendere disponibile tale contenuto, per legge o su base confidenziale.<\/span><\/li>\n<li><span>Pubblicazione, pubblicazione, invio, registrazione, trasferimento o utilizzo di qualsiasi altro metodo per installare software o contenuto di qualsiasi tipo (testo, immagine, audio, video, animazione) che violi qualsiasi diritto d&#8217;autore di qualsiasi entit\u00e0 (compresi i segreti commerciali).<\/span><\/li>\n<li><span>Pubblicazione, pubblicazione, invio, pubblicazione, trasferimento, trasferimento o utilizzo di qualsiasi altro metodo per installare pubblicit\u00e0 autorizzata o altro contenuto promozionale di prodotti, invio di posta indesiderata o spam dal destinatario di e-mail e qualsiasi altra forma di contenuto promozionale non richiesto.<\/span><\/li>\n<li><span>Pubblicazione, pubblicazione, invio, pubblicazione, trasferimento o utilizzo di qualsiasi altro metodo per installare e\/o promuovere e\/o rendere disponibile contenuto che contenga virus software o qualsiasi altro codice, file o programma per computer progettato per interferire, corrompere o limitare il funzionamento di qualsiasi software o apparecchiatura informatica o apparecchiatura di telecomunicazione.<\/span><\/li>\n<li><span>Violazione, con o senza intento, di qualsiasi norma applicabile di diritto locale, nazionale, europeo, internazionale e\/o di qualsiasi norma che abbia valore legale e riguardi e\/o copra qualsiasi servizio del \u201csito web\u201d.<\/span><\/li>\n<li><span>Violazione in qualsiasi modo della privacy e dei diritti individuali e sociali di altri utenti\/visitatori\/abbonati (come la raccolta e\/o conservazione di dati personali di altri utenti\/visitatori\/abbonati).<\/span><\/li>\n<\/ul>\n<p>&nbsp;<\/p>\n<p><span>L&#8217;utente\/visitatore\/abbonato del \u201csito web\u201d comprende ed accetta che il \u201csito web\u201d non effettua una verifica preliminare del contenuto, ma che il \u201csito web\u201d ed i suoi operatori autorizzati si riservano il diritto (e non l&#8217;obbligo), unicamente a discrezione rifiutare di inviare, pubblicare, inviare, spostare o eliminare qualsiasi contenuto disponibile tramite i servizi del &#8220;sito web&#8221;.\u00a0Inoltre, il &#8220;sito web&#8221; e i suoi operatori autorizzati si riservano il diritto di eliminare qualsiasi contenuto che violi le presenti condizioni di utilizzo.\u00a0L&#8217;utente\/visitatore\/abbonato comprende e accetta la natura internazionale di Internet e si impegna a rispettare e rispettare le regole etiche di ciascuno stato.\u00a0Nello specifico,<\/span><\/p>\n<h4><span>Limitazione di responsabilit\u00e0<\/span><\/h4>\n<p><span>Il &#8220;sito web&#8221; non ha alcuna responsabilit\u00e0 per:<\/span><\/p>\n<ul>\n<li><span>Malfunzionamenti relativi al software dell&#8217;utente o per errori e indisponibilit\u00e0 di Internet o per qualsiasi altro caso al di fuori del suo ragionevole controllo e competenza.<\/span><\/li>\n<li><span>Perdita della password dell&#8217;account o del nome utente o per guasto, cortocircuito, errore o perdita di alimentazione, che comunque sono stati causati da o sul sistema informatico dell&#8217;utente\/visitatore\/abbonato.<\/span><\/li>\n<li><span>Implicazioni che possono derivare da o in connessione con l&#8217;uso o il tentativo di utilizzare programmi automatizzati per ottenere un accesso illegale al suo sistema.<\/span><\/li>\n<li><span>Qualsiasi perdita o danno dovuto a virus o altro materiale tecnologicamente dannoso che possa interessare le apparecchiature elettroniche, i programmi informatici, i dati o altro materiale dell&#8217;utente\/visitatore\/abbonato, a causa dell&#8217;uso del &#8220;sito web&#8221; o dei contenuti scaricabili o il contenuto di qualsiasi altro sito web ad esso collegato.<\/span><\/li>\n<\/ul>\n<p>&nbsp;<\/p>\n<h4><span>Collegamenti ad altri siti web<\/span><\/h4>\n<p><span>Questo &#8220;sito web&#8221; contiene collegamenti ad altri siti web, che sono disponibili per comodit\u00e0 dell&#8217;utente, come la fornitura di ulteriori informazioni.\u00a0Questi siti web non sono promossi commercialmente dal &#8220;sito web&#8221; e per questo motivo quest&#8217;ultimo non si assume alcuna responsabilit\u00e0 per l&#8217;accuratezza del loro contenuto.\u00a0Il &#8220;sito web&#8221; non garantisce che esso o gli altri siti ad esso collegati siano privi di virus o altri software dannosi.\u00a0Pertanto, il \u201csito web\u201d non \u00e8 responsabile della protezione e riservatezza delle informazioni eventualmente fornite dagli utenti\/visitatori\/abbonati, quando visitano questi siti web, in quanto questi ultimi non sono determinati dai termini di utilizzo del \u201csito web\u201d.<\/span><\/p>\n<p><span>Il \u201csito web\u201d non assume alcuna responsabilit\u00e0 per l&#8217;accesso costante, ininterrotto e sicuro dell&#8217;utente\/visitatore\/abbonato agli altri siti web.\u00a0Pertanto, nel caso in cui si verificasse un problema durante la visita a questi siti Web, i visitatori\/utenti dovrebbero contattare direttamente i rispettivi siti Web per correggere il problema tecnico.\u00a0Il &#8220;sito web&#8221; contiene materiale inviato da terzi, ma non si assume alcuna responsabilit\u00e0 per materiale derivante da irregolarit\u00e0, omissioni, errori e inesattezze dei contenuti inviati da terzi.\u00a0Le informazioni su questi siti web possono essere aggiornate in qualsiasi momento e spesso non sono valide.\u00a0Il &#8220;sito web&#8221; non si assume alcuna responsabilit\u00e0 per l&#8217;aggiornamento, l&#8217;aggiornamento e la validazione delle informazioni contenute in questi siti web.\u00a0Nel caso in cui un utente\/visitatore\/abbonato abbia una transazione finanziaria o commerciale con una terza parte, tale transazione sar\u00e0 conforme ai termini di utilizzo della terza parte e non ai termini di utilizzo del &#8220;sito web&#8221;.\u00a0Il &#8220;sito web&#8221; non si assume alcuna responsabilit\u00e0 per il processo e il risultato di questa transazione finale.<\/span><\/p>\n<h4><span>Materiale inviato al &#8220;sito web&#8221;<\/span><\/h4>\n<p><span>Inviando qualsiasi materiale al &#8220;sito web&#8221;, l&#8217;utente\/visitatore\/abbonato concede automaticamente al &#8220;sito web&#8221; il diritto e il permesso per quest&#8217;ultimo di visualizzare, pubblicare, tradurre, riprodurre questo materiale o parte di esso in qualsiasi parte del mondo , con qualsiasi tecnologia .\u00a0Allo stesso tempo, non riconosce che il &#8220;sito web&#8221; abbia alcun obbligo di promuovere o pubblicare il materiale inviato.<\/span><\/p>\n<h4><span>Esclusione di responsabilit\u00e0<\/span><\/h4>\n<p><span>Le informazioni contenute nel contenuto del &#8220;sito web&#8221; (compresi i siti web di agenti immobiliari, foto e immagini di immobili, informazioni personali o altre informazioni di societ\u00e0 o individui che pubblicizzano siti web e servizi o pubblicano annunci per l&#8217;affitto o l&#8217;acquisto di immobili ) ha scopo puramente informativo.\u00a0Il contenuto del &#8220;sito web&#8221; non \u00e8 materiale informativo e l&#8217;utente\/visitatore\/abbonato non deve fare affidamento su di esso per prendere alcuna decisione o intraprendere alcuna azione.\u00a0Il &#8220;sito web&#8221; non fornisce alcuna garanzia per l&#8217;accuratezza, l&#8217;affidabilit\u00e0 o l&#8217;idoneit\u00e0 allo scopo di qualsiasi materiale in esso contenuto o per l&#8217;affidabilit\u00e0 dell&#8217;accesso allo stesso.\u00a0In ogni caso,\u00a0il \u201csito web\u201d declina ogni responsabilit\u00e0 per danni o perdite dovuti all&#8217;uso o alla mancata fruizione dell&#8217;uso del \u201csito web\u201d.\u00a0Il contenuto del \u201csito web\u201d che provenga da soggetti terzi (broker, persone fisiche, utenti), non pu\u00f2 essere certificato dal \u201csito web\u201d n\u00e9 garantirne l&#8217;esattezza e la validit\u00e0.\u00a0In nessun caso il &#8220;sito web&#8221; \u00e8 responsabile dell&#8217;accuratezza della descrizione di un immobile o della perdita finanziaria che pu\u00f2 derivare da qualsiasi transazione nel mercato immobiliare.\u00a0Le pagine web contenute nella &#8220;pagina web&#8221; possono contenere anche errori tecnici o tipografici.\u00a0non pu\u00f2 essere certificato dal \u201csito web\u201d n\u00e9 garantirne l&#8217;esattezza e la validit\u00e0.\u00a0In nessun caso il &#8220;sito web&#8221; \u00e8 responsabile dell&#8217;accuratezza della descrizione di un immobile o della perdita finanziaria che pu\u00f2 derivare da qualsiasi transazione nel mercato immobiliare.\u00a0Le pagine web contenute nella &#8220;pagina web&#8221; possono contenere anche errori tecnici o tipografici.\u00a0non pu\u00f2 essere certificato dal \u201csito web\u201d n\u00e9 garantirne l&#8217;esattezza e la validit\u00e0.\u00a0In nessun caso il &#8220;sito web&#8221; \u00e8 responsabile dell&#8217;accuratezza della descrizione di un immobile o della perdita finanziaria che pu\u00f2 derivare da qualsiasi transazione nel mercato immobiliare.\u00a0Le pagine web contenute nella &#8220;pagina web&#8221; possono contenere anche errori tecnici o tipografici.<\/span><\/p>\n<h4><span>Giurisdizione &#8211; Giurisdizione<\/span><\/h4>\n<p><span>I termini di utilizzo e qualsiasi modifica degli stessi, nonch\u00e9 qualsiasi problema derivante da essi o dalla loro modifica in futuro, sono determinati dal diritto greco, dal diritto europeo e dai relativi trattati internazionali.\u00a0Per eventuali controversie legali che dovessero insorgere in merito ai servizi e all&#8217;uso generale\/visita del \u201csito web\u201d, sono esclusivamente competenti i tribunali di Atene, fatto che viene accettato dagli utenti\/visitatori\/abbonati.<\/span><\/p>\n<h4><span>Diritto d&#8217;autore<\/span><\/h4>\n<p><span>Il contenuto e il diritto di utilizzare o perdere il contenuto del &#8220;sito web&#8221; sono propriet\u00e0 intellettuale del titolare del &#8220;sito web&#8221;.\u00a0Il proprietario del &#8220;sito web&#8221; controlla il contenuto e il funzionamento del &#8220;sito web&#8221; dalla sua sede ad Atene (Grecia).<\/span><\/p>\n<h4><span>Contrarre<\/span><\/h4>\n<p><span>Le presenti condizioni di utilizzo costituiscono l&#8217;accordo\/contratto complessivo tra il &#8220;sito web&#8221; e ciascun utente\/visitatore\/abbonato (broker, privati, ecc.).<\/span><\/p>\n<h4><span>Contatto<\/span><\/h4>\n<p><span>In caso di domande o chiarimenti in merito a quanto sopra, ti preghiamo di contattarci al nostro indirizzo email: \u00a0\u00a0<\/span><a href=\"mailto:info@domusmeaparos.com\"><span>info@domusmeaparos.com<\/span><\/a><span>\u00a0.<\/span><\/p>\n<h4>[\/vc_column_text][\/vc_column][\/vc_row]<\/h4>\n","protected":false},"excerpt":{"rendered":"<p>[vc_row][vc_column][vc_column_text][\/vc_column_text][\/vc_column][\/vc_row][vc_row][vc_column][vc_column_text] Introduzione I seguenti termini di utilizzo sono stabiliti dal titolare del sito web e definiscono il rapporto tra i visitatori\/utenti\/abbonati e il sito\u00a0\u00a0domusmeaparos.com\u00a0\u00a0(&#8220;sito web&#8221;).\u00a0Gli utenti sono pregati di leggere attentamente i termini di utilizzo e, in caso di disaccordo con qualcuno di essi, questo &#8220;sito web&#8221; non deve essere utilizzato.\u00a0Il suo utilizzo implica l&#8217;accettazione dei suoi termini.\u00a0Il &#8220;sito web&#8221; si riserva il diritto &#8230;<\/p>\n","protected":false},"author":1,"featured_media":0,"parent":0,"menu_order":0,"comment_status":"closed","ping_status":"closed","template":"","meta":{"_mi_skip_tracking":false},"aioseo_notices":[],"_links":{"self":[{"href":"https:\/\/domusmeaparos.com\/it\/wp-json\/wp\/v2\/pages\/32291"}],"collection":[{"href":"https:\/\/domusmeaparos.com\/it\/wp-json\/wp\/v2\/pages"}],"about":[{"href":"https:\/\/domusmeaparos.com\/it\/wp-json\/wp\/v2\/types\/page"}],"author":[{"embeddable":true,"href":"https:\/\/domusmeaparos.com\/it\/wp-json\/wp\/v2\/users\/1"}],"replies":[{"embeddable":true,"href":"https:\/\/domusmeaparos.com\/it\/wp-json\/wp\/v2\/comments?post=32291"}],"version-history":[{"count":2,"href":"https:\/\/domusmeaparos.com\/it\/wp-json\/wp\/v2\/pages\/32291\/revisions"}],"predecessor-version":[{"id":32351,"href":"https:\/\/domusmeaparos.com\/it\/wp-json\/wp\/v2\/pages\/32291\/revisions\/32351"}],"wp:attachment":[{"href":"https:\/\/domusmeaparos.com\/it\/wp-json\/wp\/v2\/media?parent=32291"}],"curies":[{"name":"wp","href":"https:\/\/api.w.org\/{rel}","templated":true}]}}